{"id":663,"date":"2022-03-16T13:58:56","date_gmt":"2022-03-16T12:58:56","guid":{"rendered":"https:\/\/espaiholysticdanna.net\/?page_id=663"},"modified":"2023-01-06T01:02:37","modified_gmt":"2023-01-06T00:02:37","slug":"xamanisme","status":"publish","type":"page","link":"https:\/\/espaiholysticdanna.net\/es\/xamanisme\/","title":{"rendered":"Chamanismo"},"content":{"rendered":"\t\t<div data-elementor-type=\"wp-page\" data-elementor-id=\"663\" class=\"elementor elementor-663\" data-elementor-post-type=\"page\">\n\t\t\t\t\t\t<section class=\"elementor-section elementor-top-section elementor-element elementor-element-3e5085cd elementor-section-full_width elementor-section-height-min-height elementor-section-height-default elementor-section-items-middle\" data-id=\"3e5085cd\" data-element_type=\"section\" data-e-type=\"section\" data-settings=\"{&quot;background_background&quot;:&quot;classic&quot;}\">\n\t\t\t\t\t\t\t<div class=\"elementor-background-overlay\"><\/div>\n\t\t\t\t\t\t\t<div class=\"elementor-container elementor-column-gap-default\">\n\t\t\t\t\t<div class=\"elementor-column elementor-col-100 elementor-top-column elementor-element elementor-element-52431902\" data-id=\"52431902\" data-element_type=\"column\" data-e-type=\"column\">\n\t\t\t<div class=\"elementor-widget-wrap elementor-element-populated\">\n\t\t\t\t\t\t<div class=\"elementor-element elementor-element-14f408e elementor-widget elementor-widget-menu-anchor\" data-id=\"14f408e\" data-element_type=\"widget\" data-e-type=\"widget\" data-widget_type=\"menu-anchor.default\">\n\t\t\t\t<div class=\"elementor-widget-container\">\n\t\t\t\t\t\t\t<div class=\"elementor-menu-anchor\" id=\"inici\"><\/div>\n\t\t\t\t\t\t<\/div>\n\t\t\t\t<\/div>\n\t\t\t\t<div class=\"elementor-element elementor-element-9e90063 elementor-widget elementor-widget-heading\" data-id=\"9e90063\" data-element_type=\"widget\" data-e-type=\"widget\" data-widget_type=\"heading.default\">\n\t\t\t\t<div class=\"elementor-widget-container\">\n\t\t\t\t\t<h1 class=\"elementor-heading-title elementor-size-default\">Xamanisme<\/h1>\t\t\t\t<\/div>\n\t\t\t\t<\/div>\n\t\t\t\t\t<\/div>\n\t\t<\/div>\n\t\t\t\t\t<\/div>\n\t\t<\/section>\n\t\t\t\t<section class=\"elementor-section elementor-top-section elementor-element elementor-element-754d6733 elementor-section-boxed elementor-section-height-default elementor-section-height-default\" data-id=\"754d6733\" data-element_type=\"section\" data-e-type=\"section\">\n\t\t\t\t\t\t<div class=\"elementor-container elementor-column-gap-default\">\n\t\t\t\t\t<div class=\"elementor-column elementor-col-100 elementor-top-column elementor-element elementor-element-3b87542c\" data-id=\"3b87542c\" data-element_type=\"column\" data-e-type=\"column\">\n\t\t\t<div class=\"elementor-widget-wrap elementor-element-populated\">\n\t\t\t\t\t\t<div class=\"elementor-element elementor-element-51cb89d elementor-widget elementor-widget-text-editor\" data-id=\"51cb89d\" data-element_type=\"widget\" data-e-type=\"widget\" data-widget_type=\"text-editor.default\">\n\t\t\t\t<div class=\"elementor-widget-container\">\n\t\t\t\t\t\t\t\t\t<p>Les 13 Avies que curen La Terra<\/p>\t\t\t\t\t\t\t\t<\/div>\n\t\t\t\t<\/div>\n\t\t\t\t<div class=\"elementor-element elementor-element-696027a8 elementor-widget elementor-widget-heading\" data-id=\"696027a8\" data-element_type=\"widget\" data-e-type=\"widget\" data-widget_type=\"heading.default\">\n\t\t\t\t<div class=\"elementor-widget-container\">\n\t\t\t\t\t<h2 class=\"elementor-heading-title elementor-size-default\">Xamanisme, una definici\u00f3 moderna a uns coneixements i pr\u00e0ctiques ancestrals<\/h2>\t\t\t\t<\/div>\n\t\t\t\t<\/div>\n\t\t\t\t<div class=\"elementor-element elementor-element-7e554b67 elementor-widget elementor-widget-text-editor\" data-id=\"7e554b67\" data-element_type=\"widget\" data-e-type=\"widget\" data-widget_type=\"text-editor.default\">\n\t\t\t\t<div class=\"elementor-widget-container\">\n\t\t\t\t\t\t\t\t\t<p>El xamanisme \u00e9s la pr\u00e0ctica espiritual m\u00e9s ancestral de qu\u00e8 es t\u00e9 coneixement, amb una antiguitat de desenes de milers d&#8217;anys. Ha estat una pr\u00e0ctica habitual en els diferents continents al llarg de la hist\u00f2ria, a \u00c0frica, Europa, Am\u00e8rica del Nord i del Sud, a Austr\u00e0lia, a Groenl\u00e0ndia i diferents zones d&#8217;\u00c0sia. Que hagi perdurat durant tant de temps diu molt del seu poder. Tot i aix\u00f2, des de la mirada moderna occidental s&#8217;ha desprestigiat tant com \u00a0s\u00b4ha desconegut i mal interpretat, cosa que per sort est\u00e0 canviant<\/p>\t\t\t\t\t\t\t\t<\/div>\n\t\t\t\t<\/div>\n\t\t\t\t\t<\/div>\n\t\t<\/div>\n\t\t\t\t\t<\/div>\n\t\t<\/section>\n\t\t\t\t<section class=\"elementor-section elementor-top-section elementor-element elementor-element-1cdf03e elementor-section-boxed elementor-section-height-default elementor-section-height-default\" data-id=\"1cdf03e\" data-element_type=\"section\" data-e-type=\"section\">\n\t\t\t\t\t\t\t<div class=\"elementor-background-overlay\"><\/div>\n\t\t\t\t\t\t\t<div class=\"elementor-container elementor-column-gap-default\">\n\t\t\t\t\t<div class=\"elementor-column elementor-col-100 elementor-top-column elementor-element elementor-element-1e5ed763\" data-id=\"1e5ed763\" data-element_type=\"column\" data-e-type=\"column\">\n\t\t\t<div class=\"elementor-widget-wrap elementor-element-populated\">\n\t\t\t\t\t\t<div class=\"elementor-element elementor-element-51f260a2 elementor-widget elementor-widget-heading\" data-id=\"51f260a2\" data-element_type=\"widget\" data-e-type=\"widget\" data-widget_type=\"heading.default\">\n\t\t\t\t<div class=\"elementor-widget-container\">\n\t\t\t\t\t<h2 class=\"elementor-heading-title elementor-size-default\">Espai Holystic Danna<\/h2>\t\t\t\t<\/div>\n\t\t\t\t<\/div>\n\t\t\t\t<div class=\"elementor-element elementor-element-487442e7 elementor-widget elementor-widget-menu-anchor\" data-id=\"487442e7\" data-element_type=\"widget\" data-e-type=\"widget\" data-widget_type=\"menu-anchor.default\">\n\t\t\t\t<div class=\"elementor-widget-container\">\n\t\t\t\t\t\t\t<div class=\"elementor-menu-anchor\" id=\"xamanismediu\"><\/div>\n\t\t\t\t\t\t<\/div>\n\t\t\t\t<\/div>\n\t\t\t\t\t<\/div>\n\t\t<\/div>\n\t\t\t\t\t<\/div>\n\t\t<\/section>\n\t\t\t\t<section class=\"elementor-section elementor-top-section elementor-element elementor-element-62ec6e91 elementor-section-boxed elementor-section-height-default elementor-section-height-default\" data-id=\"62ec6e91\" data-element_type=\"section\" data-e-type=\"section\">\n\t\t\t\t\t\t<div class=\"elementor-container elementor-column-gap-default\">\n\t\t\t\t\t<div class=\"elementor-column elementor-col-50 elementor-top-column elementor-element elementor-element-1367c846\" data-id=\"1367c846\" data-element_type=\"column\" data-e-type=\"column\">\n\t\t\t<div class=\"elementor-widget-wrap elementor-element-populated\">\n\t\t\t\t\t\t<div class=\"elementor-element elementor-element-1047548 elementor-widget elementor-widget-image\" data-id=\"1047548\" data-element_type=\"widget\" data-e-type=\"widget\" data-widget_type=\"image.default\">\n\t\t\t\t<div class=\"elementor-widget-container\">\n\t\t\t\t\t\t\t\t\t\t\t\t\t\t\t<img decoding=\"async\" src=\"https:\/\/espaiholysticdanna.net\/wp-content\/uploads\/sites\/38\/elementor\/thumbs\/191-pyjgxoq31pa6poo8dlyplotqorxt5q5owy7cww2xw0.jpg\" title=\"191\" alt=\"191\" loading=\"lazy\" \/>\t\t\t\t\t\t\t\t\t\t\t\t\t\t\t<\/div>\n\t\t\t\t<\/div>\n\t\t\t\t<div class=\"elementor-element elementor-element-fb6c18d elementor-widget elementor-widget-image\" data-id=\"fb6c18d\" data-element_type=\"widget\" data-e-type=\"widget\" data-widget_type=\"image.default\">\n\t\t\t\t<div class=\"elementor-widget-container\">\n\t\t\t\t\t\t\t\t\t\t\t\t\t\t\t<img decoding=\"async\" src=\"https:\/\/espaiholysticdanna.net\/wp-content\/uploads\/sites\/38\/elementor\/thumbs\/Web-xamanisme-pyjd6vpcw2qrmyhiju7wi7gvoedq8fzjdpzg59yk9c.jpg\" title=\"Web xamanisme\" alt=\"Web xamanisme\" loading=\"lazy\" \/>\t\t\t\t\t\t\t\t\t\t\t\t\t\t\t<\/div>\n\t\t\t\t<\/div>\n\t\t\t\t\t<\/div>\n\t\t<\/div>\n\t\t\t\t<div class=\"elementor-column elementor-col-50 elementor-top-column elementor-element elementor-element-151eef6b\" data-id=\"151eef6b\" data-element_type=\"column\" data-e-type=\"column\">\n\t\t\t<div class=\"elementor-widget-wrap elementor-element-populated\">\n\t\t\t\t\t\t<div class=\"elementor-element elementor-element-7583f732 elementor-widget elementor-widget-heading\" data-id=\"7583f732\" data-element_type=\"widget\" data-e-type=\"widget\" data-widget_type=\"heading.default\">\n\t\t\t\t<div class=\"elementor-widget-container\">\n\t\t\t\t\t<h2 class=\"elementor-heading-title elementor-size-default\">El xamanisme ens diu que <b style=\"color:#24a25b\">  <\/b><\/h2>\t\t\t\t<\/div>\n\t\t\t\t<\/div>\n\t\t\t\t<div class=\"elementor-element elementor-element-dd5fdc5 elementor-widget elementor-widget-heading\" data-id=\"dd5fdc5\" data-element_type=\"widget\" data-e-type=\"widget\" data-widget_type=\"heading.default\">\n\t\t\t\t<div class=\"elementor-widget-container\">\n\t\t\t\t\t<h2 class=\"elementor-heading-title elementor-size-default\"><b style=\"color:#24a25b\">tot all\u00f2 que existeix \u00e9s viu i t\u00e9 esperit<\/b><\/h2>\t\t\t\t<\/div>\n\t\t\t\t<\/div>\n\t\t\t\t<div class=\"elementor-element elementor-element-36143bb elementor-widget elementor-widget-text-editor\" data-id=\"36143bb\" data-element_type=\"widget\" data-e-type=\"widget\" data-widget_type=\"text-editor.default\">\n\t\t\t\t<div class=\"elementor-widget-container\">\n\t\t\t\t\t\t\t\t\t<p><strong>El xamanisme \u00e9s la pr\u00e0ctica espiritual m\u00e9s ancestral de qu\u00e8 es t\u00e9 coneixement, amb una antiguitat de desenes de milers d&#8217;anys<\/strong>. Ha estat una pr\u00e0ctica habitual als diferents continents al llarg de la hist\u00f2ria, a \u00c0frica, Europa, Am\u00e8rica del Nord i del Sud, a Austr\u00e0lia, a Groenl\u00e0ndia i diferents zones d&#8217;\u00c0sia. Qui hagi perdurat durant tant de temps diu molt del seu poder. Tot i aix\u00f2, des de la mirada moderna occidental s&#8217;ha desprestigiat tant com \u00a0s\u00b4ha desconegut i mal interpretat, cosa que per sort est\u00e0 canviant.<\/p><p>La paraula \u00a0<b>xaman<\/b> \u00e9s d&#8217;origen siberi\u00e0 (<b>shaman<\/b>), que vol designar <b>un sanador espiritual<\/b>, i <b>aquell que hi veu en la<\/b> <b>foscor<\/b>. Es un terme que s&#8217;ha est\u00e8s per Europa i el m\u00f3n anglosax\u00f3 en general. Als diversos pobles originaris es denominen de diferents maneres: Q&#8217;ero al Per\u00fa, Machi per als Maputxes de la zona de Xile i Argentina Sud, Pachita a M\u00e8xic, Mudang (nom\u00e9s s\u00f3n les dones) a Corea, etc&#8230;<\/p><p><b>El Xamanisme ens diu que tot all\u00f2 que existeix \u00e9s viu i t\u00e9 esperit, i que l&#8217;\u00e9sser hum\u00e0 est\u00e0 unit a la Terra ia tota vida per interconnexi\u00f3 espiritual<\/b>. <strong>De la mateixa manera que la f\u00edsica qu\u00e0ntica descriu un camp d\u00b4energia que connecta totes les formes de vida, els xamans parlen tamb\u00e9 d\u00b4una xarxa de vida que connecta totes les coses<\/strong><\/p>\t\t\t\t\t\t\t\t<\/div>\n\t\t\t\t<\/div>\n\t\t\t\t<div class=\"elementor-element elementor-element-1e6e1975 elementor-widget elementor-widget-button\" data-id=\"1e6e1975\" data-element_type=\"widget\" data-e-type=\"widget\" data-widget_type=\"button.default\">\n\t\t\t\t<div class=\"elementor-widget-container\">\n\t\t\t\t\t\t\t\t\t<div class=\"elementor-button-wrapper\">\n\t\t\t\t\t<a class=\"elementor-button elementor-button-link elementor-size-sm\" href=\"#inici\">\n\t\t\t\t\t\t<span class=\"elementor-button-content-wrapper\">\n\t\t\t\t\t\t\t\t\t<span class=\"elementor-button-text\">Inici<\/span>\n\t\t\t\t\t<\/span>\n\t\t\t\t\t<\/a>\n\t\t\t\t<\/div>\n\t\t\t\t\t\t\t\t<\/div>\n\t\t\t\t<\/div>\n\t\t\t\t\t<\/div>\n\t\t<\/div>\n\t\t\t\t\t<\/div>\n\t\t<\/section>\n\t\t\t\t<section class=\"elementor-section elementor-top-section elementor-element elementor-element-45fbbf63 elementor-section-boxed elementor-section-height-default elementor-section-height-default\" data-id=\"45fbbf63\" data-element_type=\"section\" data-e-type=\"section\">\n\t\t\t\t\t\t\t<div class=\"elementor-background-overlay\"><\/div>\n\t\t\t\t\t\t\t<div class=\"elementor-container elementor-column-gap-default\">\n\t\t\t\t\t<div class=\"elementor-column elementor-col-100 elementor-top-column elementor-element elementor-element-41ac06aa\" data-id=\"41ac06aa\" data-element_type=\"column\" data-e-type=\"column\">\n\t\t\t<div class=\"elementor-widget-wrap elementor-element-populated\">\n\t\t\t\t\t\t<div class=\"elementor-element elementor-element-5654e828 elementor-widget elementor-widget-heading\" data-id=\"5654e828\" data-element_type=\"widget\" data-e-type=\"widget\" data-widget_type=\"heading.default\">\n\t\t\t\t<div class=\"elementor-widget-container\">\n\t\t\t\t\t<h2 class=\"elementor-heading-title elementor-size-default\">Espai Holystic Danna<\/h2>\t\t\t\t<\/div>\n\t\t\t\t<\/div>\n\t\t\t\t<div class=\"elementor-element elementor-element-68940b10 elementor-widget elementor-widget-menu-anchor\" data-id=\"68940b10\" data-element_type=\"widget\" data-e-type=\"widget\" data-widget_type=\"menu-anchor.default\">\n\t\t\t\t<div class=\"elementor-widget-container\">\n\t\t\t\t\t\t\t<div class=\"elementor-menu-anchor\" id=\"michaelharner\"><\/div>\n\t\t\t\t\t\t<\/div>\n\t\t\t\t<\/div>\n\t\t\t\t\t<\/div>\n\t\t<\/div>\n\t\t\t\t\t<\/div>\n\t\t<\/section>\n\t\t\t\t<section class=\"elementor-section elementor-top-section elementor-element elementor-element-68d74a5 elementor-section-boxed elementor-section-height-default elementor-section-height-default\" data-id=\"68d74a5\" data-element_type=\"section\" data-e-type=\"section\">\n\t\t\t\t\t\t<div class=\"elementor-container elementor-column-gap-default\">\n\t\t\t\t\t<div class=\"elementor-column elementor-col-50 elementor-top-column elementor-element elementor-element-dd338d0\" data-id=\"dd338d0\" data-element_type=\"column\" data-e-type=\"column\">\n\t\t\t<div class=\"elementor-widget-wrap elementor-element-populated\">\n\t\t\t\t\t\t<div class=\"elementor-element elementor-element-96424f9 elementor-widget elementor-widget-image\" data-id=\"96424f9\" data-element_type=\"widget\" data-e-type=\"widget\" data-widget_type=\"image.default\">\n\t\t\t\t<div class=\"elementor-widget-container\">\n\t\t\t\t\t\t\t\t\t\t\t\t\t\t\t<img decoding=\"async\" src=\"https:\/\/espaiholysticdanna.net\/wp-content\/uploads\/sites\/38\/elementor\/thumbs\/Desde-Illa-Lluna-III-pyjgqx9vvm0x6ohuv6qc5w9ctz9qs4b7nh8lm83wnk.jpg\" title=\"Desde Illa Lluna III\" alt=\"Desde Illa Lluna III\" loading=\"lazy\" \/>\t\t\t\t\t\t\t\t\t\t\t\t\t\t\t<\/div>\n\t\t\t\t<\/div>\n\t\t\t\t\t<\/div>\n\t\t<\/div>\n\t\t\t\t<div class=\"elementor-column elementor-col-50 elementor-top-column elementor-element elementor-element-a1b540c\" data-id=\"a1b540c\" data-element_type=\"column\" data-e-type=\"column\">\n\t\t\t<div class=\"elementor-widget-wrap elementor-element-populated\">\n\t\t\t\t\t\t<div class=\"elementor-element elementor-element-415baff elementor-widget elementor-widget-heading\" data-id=\"415baff\" data-element_type=\"widget\" data-e-type=\"widget\" data-widget_type=\"heading.default\">\n\t\t\t\t<div class=\"elementor-widget-container\">\n\t\t\t\t\t<h2 class=\"elementor-heading-title elementor-size-default\">Michael <b style=\"color:#24a25b\">Harner<\/b> <\/h2>\t\t\t\t<\/div>\n\t\t\t\t<\/div>\n\t\t\t\t<div class=\"elementor-element elementor-element-e3b1b20 elementor-widget elementor-widget-text-editor\" data-id=\"e3b1b20\" data-element_type=\"widget\" data-e-type=\"widget\" data-widget_type=\"text-editor.default\">\n\t\t\t\t<div class=\"elementor-widget-container\">\n\t\t\t\t\t\t\t\t\t<p>Mitjan\u00e7ant el treball realitzat per l&#8217;antrop\u00f2leg nord-americ\u00e0, <b>Michael Harner<\/b>, des de fa 50 anys, de recuperaci\u00f3 i ensenyament de les principals i m\u00e9s comunes pr\u00e0ctiques xam\u00e0niques a tots els continents, s&#8217;estan transmetent les pr\u00e0ctiques amb qualitat i \u00e8tica altes. Contr\u00e0riament al que la gent creu, nom\u00e9s el 15% dels pobles originaris utilitzaven plantes medicina, i la resta de pr\u00e0ctiques estan enfocades b\u00e0sicament a portar informaci\u00f3 i curaci\u00f3. El m\u00e8tode creat per Michael Harner no utilitza plantes medicina en les seves pr\u00e0ctiques, aix\u00ed com els que n&#8217;han apr\u00e8s dels seus alumnes.<\/p><p class=\"MsoNormal\">\u00a0<\/p><p class=\"MsoNormal\">En general els xamans de tots els continents divideixen el M\u00f3n en tres dimensions, dues espirituals: El M\u00f3n de D\u00b4alt, \u00a0amb \u00e9ssers d&#8217;Amor i Compassi\u00f3, on es troben els \u00e9ssers angelicals i els mestres i guies humans; el M\u00f3n de Baix amb els Animals de poder i Esperits d\u00b4Ajuda que poden ser fant\u00e0stics tamb\u00e9. I despr\u00e9s hi ha el M\u00f3n del Mig que \u00e9s el m\u00f3n on vivim aquesta realitat de 3D, i el bo i el dolent est\u00e0 tot barrejat<\/p>\t\t\t\t\t\t\t\t<\/div>\n\t\t\t\t<\/div>\n\t\t\t\t<div class=\"elementor-element elementor-element-a2961fe elementor-widget elementor-widget-button\" data-id=\"a2961fe\" data-element_type=\"widget\" data-e-type=\"widget\" data-widget_type=\"button.default\">\n\t\t\t\t<div class=\"elementor-widget-container\">\n\t\t\t\t\t\t\t\t\t<div class=\"elementor-button-wrapper\">\n\t\t\t\t\t<a class=\"elementor-button elementor-button-link elementor-size-sm\" href=\"#inici\">\n\t\t\t\t\t\t<span class=\"elementor-button-content-wrapper\">\n\t\t\t\t\t\t\t\t\t<span class=\"elementor-button-text\">Inici<\/span>\n\t\t\t\t\t<\/span>\n\t\t\t\t\t<\/a>\n\t\t\t\t<\/div>\n\t\t\t\t\t\t\t\t<\/div>\n\t\t\t\t<\/div>\n\t\t\t\t\t<\/div>\n\t\t<\/div>\n\t\t\t\t\t<\/div>\n\t\t<\/section>\n\t\t\t\t<section class=\"elementor-section elementor-top-section elementor-element elementor-element-58ee506 elementor-section-boxed elementor-section-height-default elementor-section-height-default\" data-id=\"58ee506\" data-element_type=\"section\" data-e-type=\"section\">\n\t\t\t\t\t\t\t<div class=\"elementor-background-overlay\"><\/div>\n\t\t\t\t\t\t\t<div class=\"elementor-container elementor-column-gap-default\">\n\t\t\t\t\t<div class=\"elementor-column elementor-col-100 elementor-top-column elementor-element elementor-element-c2eb442\" data-id=\"c2eb442\" data-element_type=\"column\" data-e-type=\"column\">\n\t\t\t<div class=\"elementor-widget-wrap elementor-element-populated\">\n\t\t\t\t\t\t<div class=\"elementor-element elementor-element-f1b666d elementor-widget elementor-widget-heading\" data-id=\"f1b666d\" data-element_type=\"widget\" data-e-type=\"widget\" data-widget_type=\"heading.default\">\n\t\t\t\t<div class=\"elementor-widget-container\">\n\t\t\t\t\t<h2 class=\"elementor-heading-title elementor-size-default\">Espai Holystic Danna<\/h2>\t\t\t\t<\/div>\n\t\t\t\t<\/div>\n\t\t\t\t<div class=\"elementor-element elementor-element-8cfcf77 elementor-widget elementor-widget-menu-anchor\" data-id=\"8cfcf77\" data-element_type=\"widget\" data-e-type=\"widget\" data-widget_type=\"menu-anchor.default\">\n\t\t\t\t<div class=\"elementor-widget-container\">\n\t\t\t\t\t\t\t<div class=\"elementor-menu-anchor\" id=\"michaelharner\"><\/div>\n\t\t\t\t\t\t<\/div>\n\t\t\t\t<\/div>\n\t\t\t\t\t<\/div>\n\t\t<\/div>\n\t\t\t\t\t<\/div>\n\t\t<\/section>\n\t\t\t\t<section class=\"elementor-section elementor-top-section elementor-element elementor-element-2c36be6d elementor-section-full_width elementor-section-height-default elementor-section-height-default\" data-id=\"2c36be6d\" data-element_type=\"section\" data-e-type=\"section\">\n\t\t\t\t\t\t\t<div class=\"elementor-background-overlay\"><\/div>\n\t\t\t\t\t\t\t<div class=\"elementor-container elementor-column-gap-default\">\n\t\t\t\t\t<div class=\"elementor-column elementor-col-100 elementor-top-column elementor-element elementor-element-34061701\" data-id=\"34061701\" data-element_type=\"column\" data-e-type=\"column\">\n\t\t\t<div class=\"elementor-widget-wrap elementor-element-populated\">\n\t\t\t\t\t\t<div class=\"elementor-element elementor-element-238e3f3a elementor-widget elementor-widget-heading\" data-id=\"238e3f3a\" data-element_type=\"widget\" data-e-type=\"widget\" data-widget_type=\"heading.default\">\n\t\t\t\t<div class=\"elementor-widget-container\">\n\t\t\t\t\t<h2 class=\"elementor-heading-title elementor-size-default\">Sessions a Figueres, Barcelona i online<br>Cursos presencials i online<\/h2>\t\t\t\t<\/div>\n\t\t\t\t<\/div>\n\t\t\t\t\t<\/div>\n\t\t<\/div>\n\t\t\t\t\t<\/div>\n\t\t<\/section>\n\t\t\t\t<section class=\"elementor-section elementor-top-section elementor-element elementor-element-4f0a6e65 elementor-section-boxed elementor-section-height-default elementor-section-height-default\" data-id=\"4f0a6e65\" data-element_type=\"section\" data-e-type=\"section\">\n\t\t\t\t\t\t\t<div class=\"elementor-background-overlay\"><\/div>\n\t\t\t\t\t\t\t<div class=\"elementor-container elementor-column-gap-default\">\n\t\t\t\t\t<div class=\"elementor-column elementor-col-100 elementor-top-column elementor-element elementor-element-869b1c7\" data-id=\"869b1c7\" data-element_type=\"column\" data-e-type=\"column\">\n\t\t\t<div class=\"elementor-widget-wrap elementor-element-populated\">\n\t\t\t\t\t\t<div class=\"elementor-element elementor-element-471883f2 elementor-widget elementor-widget-heading\" data-id=\"471883f2\" data-element_type=\"widget\" data-e-type=\"widget\" data-widget_type=\"heading.default\">\n\t\t\t\t<div class=\"elementor-widget-container\">\n\t\t\t\t\t<h2 class=\"elementor-heading-title elementor-size-default\">Contactar pel  tel.665611976  o  juliapusen@hotmail.com<br> (J\u00falia Pujol)<br><\/h2>\t\t\t\t<\/div>\n\t\t\t\t<\/div>\n\t\t\t\t\t<\/div>\n\t\t<\/div>\n\t\t\t\t\t<\/div>\n\t\t<\/section>\n\t\t\t\t<\/div>\n\t\t","protected":false},"excerpt":{"rendered":"<p>\/*! elementor &#8211; v3.9.2 &#8211; 21-12-2022 *\/ body.elementor-page .elementor-widget-menu-anchor{margin-bottom:0} \/*! elementor &#8211; v3.9.2 &#8211; 21-12-2022 *\/ .elementor-heading-title{padding:0;margin:0;line-height:1}.elementor-widget-heading .elementor-heading-title[class*=elementor-size-]&gt;a{color:inherit;font-size:inherit;line-height:inherit}.elementor-widget-heading .elementor-heading-title.elementor-size-small{font-size:15px}.elementor-widget-heading .elementor-heading-title.elementor-size-medium{font-size:19px}.elementor-widget-heading .elementor-heading-title.elementor-size-large{font-size:29px}.elementor-widget-heading .elementor-heading-title.elementor-size-xl{font-size:39px}.elementor-widget-heading .elementor-heading-title.elementor-size-xxl{font-size:59px} Chamanismo Las 13 Abuelas que sanan La [&hellip;]<\/p>\n","protected":false},"author":1,"featured_media":0,"parent":0,"menu_order":0,"comment_status":"closed","ping_status":"closed","template":"elementor_header_footer","meta":{"footnotes":""},"class_list":["post-663","page","type-page","status-publish","hentry"],"jetpack_sharing_enabled":true,"_links":{"self":[{"href":"https:\/\/espaiholysticdanna.net\/es\/wp-json\/wp\/v2\/pages\/663","targetHints":{"allow":["GET"]}}],"collection":[{"href":"https:\/\/espaiholysticdanna.net\/es\/wp-json\/wp\/v2\/pages"}],"about":[{"href":"https:\/\/espaiholysticdanna.net\/es\/wp-json\/wp\/v2\/types\/page"}],"author":[{"embeddable":true,"href":"https:\/\/espaiholysticdanna.net\/es\/wp-json\/wp\/v2\/users\/1"}],"replies":[{"embeddable":true,"href":"https:\/\/espaiholysticdanna.net\/es\/wp-json\/wp\/v2\/comments?post=663"}],"version-history":[{"count":88,"href":"https:\/\/espaiholysticdanna.net\/es\/wp-json\/wp\/v2\/pages\/663\/revisions"}],"predecessor-version":[{"id":2716,"href":"https:\/\/espaiholysticdanna.net\/es\/wp-json\/wp\/v2\/pages\/663\/revisions\/2716"}],"wp:attachment":[{"href":"https:\/\/espaiholysticdanna.net\/es\/wp-json\/wp\/v2\/media?parent=663"}],"curies":[{"name":"wp","href":"https:\/\/api.w.org\/{rel}","templated":true}]}}