{"id":661,"date":"2022-03-16T13:58:45","date_gmt":"2022-03-16T12:58:45","guid":{"rendered":"https:\/\/espaiholysticdanna.net\/?page_id=661"},"modified":"2022-12-29T19:38:08","modified_gmt":"2022-12-29T18:38:08","slug":"parbiomagnetico","status":"publish","type":"page","link":"https:\/\/espaiholysticdanna.net\/es\/parbiomagnetico\/","title":{"rendered":"Parbiomagn\u00e9tico"},"content":{"rendered":"\t\t<div data-elementor-type=\"wp-page\" data-elementor-id=\"661\" class=\"elementor elementor-661\" data-elementor-post-type=\"page\">\n\t\t\t\t\t\t<section class=\"elementor-section elementor-top-section elementor-element elementor-element-5e192f79 elementor-section-full_width elementor-section-height-min-height elementor-section-height-default elementor-section-items-middle\" data-id=\"5e192f79\" data-element_type=\"section\" data-e-type=\"section\" data-settings=\"{&quot;background_background&quot;:&quot;classic&quot;}\">\n\t\t\t\t\t\t\t<div class=\"elementor-background-overlay\"><\/div>\n\t\t\t\t\t\t\t<div class=\"elementor-container elementor-column-gap-default\">\n\t\t\t\t\t<div class=\"elementor-column elementor-col-100 elementor-top-column elementor-element elementor-element-2ff03090\" data-id=\"2ff03090\" data-element_type=\"column\" data-e-type=\"column\">\n\t\t\t<div class=\"elementor-widget-wrap elementor-element-populated\">\n\t\t\t\t\t\t<div class=\"elementor-element elementor-element-6b56f729 elementor-widget elementor-widget-heading\" data-id=\"6b56f729\" data-element_type=\"widget\" data-e-type=\"widget\" data-widget_type=\"heading.default\">\n\t\t\t\t<div class=\"elementor-widget-container\">\n\t\t\t\t\t<h1 class=\"elementor-heading-title elementor-size-default\">Parbiomagn\u00e8tic<\/h1>\t\t\t\t<\/div>\n\t\t\t\t<\/div>\n\t\t\t\t\t<\/div>\n\t\t<\/div>\n\t\t\t\t\t<\/div>\n\t\t<\/section>\n\t\t\t\t<section class=\"elementor-section elementor-top-section elementor-element elementor-element-43a0e86a elementor-section-boxed elementor-section-height-default elementor-section-height-default\" data-id=\"43a0e86a\" data-element_type=\"section\" data-e-type=\"section\">\n\t\t\t\t\t\t<div class=\"elementor-container elementor-column-gap-default\">\n\t\t\t\t\t<div class=\"elementor-column elementor-col-100 elementor-top-column elementor-element elementor-element-e07ae6a\" data-id=\"e07ae6a\" data-element_type=\"column\" data-e-type=\"column\">\n\t\t\t<div class=\"elementor-widget-wrap elementor-element-populated\">\n\t\t\t\t\t\t<div class=\"elementor-element elementor-element-4d62f0ec elementor-widget elementor-widget-menu-anchor\" data-id=\"4d62f0ec\" data-element_type=\"widget\" data-e-type=\"widget\" data-widget_type=\"menu-anchor.default\">\n\t\t\t\t<div class=\"elementor-widget-container\">\n\t\t\t\t\t\t\t<div class=\"elementor-menu-anchor\" id=\"inici\"><\/div>\n\t\t\t\t\t\t<\/div>\n\t\t\t\t<\/div>\n\t\t\t\t<div class=\"elementor-element elementor-element-48bcf892 elementor-widget elementor-widget-heading\" data-id=\"48bcf892\" data-element_type=\"widget\" data-e-type=\"widget\" data-widget_type=\"heading.default\">\n\t\t\t\t<div class=\"elementor-widget-container\">\n\t\t\t\t\t<h2 class=\"elementor-heading-title elementor-size-default\">El Par Biomagn\u00e8tic del  Dr.Isaac Goiz Duran<\/h2>\t\t\t\t<\/div>\n\t\t\t\t<\/div>\n\t\t\t\t<div class=\"elementor-element elementor-element-2eb7d066 elementor-widget elementor-widget-text-editor\" data-id=\"2eb7d066\" data-element_type=\"widget\" data-e-type=\"widget\" data-widget_type=\"text-editor.default\">\n\t\t\t\t<div class=\"elementor-widget-container\">\n\t\t\t\t\t\t\t\t\t<p>Un m\u00e9tode modern per una llei en el origen de la vida, el Biomagnetisme<\/p>\t\t\t\t\t\t\t\t<\/div>\n\t\t\t\t<\/div>\n\t\t\t\t\t<\/div>\n\t\t<\/div>\n\t\t\t\t\t<\/div>\n\t\t<\/section>\n\t\t\t\t<section class=\"elementor-section elementor-top-section elementor-element elementor-element-ff62198 elementor-section-boxed elementor-section-height-default elementor-section-height-default\" data-id=\"ff62198\" data-element_type=\"section\" data-e-type=\"section\">\n\t\t\t\t\t\t<div class=\"elementor-container elementor-column-gap-default\">\n\t\t\t\t\t<div class=\"elementor-column elementor-col-50 elementor-top-column elementor-element elementor-element-2475db9c\" data-id=\"2475db9c\" data-element_type=\"column\" data-e-type=\"column\">\n\t\t\t<div class=\"elementor-widget-wrap elementor-element-populated\">\n\t\t\t\t\t\t<div class=\"elementor-element elementor-element-3a39ec9a elementor-widget elementor-widget-image\" data-id=\"3a39ec9a\" data-element_type=\"widget\" data-e-type=\"widget\" data-widget_type=\"image.default\">\n\t\t\t\t<div class=\"elementor-widget-container\">\n\t\t\t\t\t\t\t\t\t\t\t\t\t\t\t<img decoding=\"async\" src=\"https:\/\/espaiholysticdanna.net\/wp-content\/uploads\/sites\/38\/elementor\/thumbs\/Dr.Goiz-i-fill-David-20220327-2-pvruehkemib52tpbgcs6iykjtubig6ro81st76h2c0.jpg\" title=\"Dr.Goiz i fill David 20220327 (2)\" alt=\"Dr.Goiz i fill David 20220327 (2)\" loading=\"lazy\" \/>\t\t\t\t\t\t\t\t\t\t\t\t\t\t\t<\/div>\n\t\t\t\t<\/div>\n\t\t\t\t<div class=\"elementor-element elementor-element-0bc290b elementor-widget elementor-widget-text-editor\" data-id=\"0bc290b\" data-element_type=\"widget\" data-e-type=\"widget\" data-widget_type=\"text-editor.default\">\n\t\t\t\t<div class=\"elementor-widget-container\">\n\t\t\t\t\t\t\t\t\t<p>Dr.Isaac Goiz con su hijo tambi\u00e9n m\u00e9dico David Goiz<\/p>\t\t\t\t\t\t\t\t<\/div>\n\t\t\t\t<\/div>\n\t\t\t\t\t<\/div>\n\t\t<\/div>\n\t\t\t\t<div class=\"elementor-column elementor-col-50 elementor-top-column elementor-element elementor-element-64d3ea02\" data-id=\"64d3ea02\" data-element_type=\"column\" data-e-type=\"column\">\n\t\t\t<div class=\"elementor-widget-wrap elementor-element-populated\">\n\t\t\t\t\t\t<div class=\"elementor-element elementor-element-501e4e53 elementor-widget elementor-widget-heading\" data-id=\"501e4e53\" data-element_type=\"widget\" data-e-type=\"widget\" data-widget_type=\"heading.default\">\n\t\t\t\t<div class=\"elementor-widget-container\">\n\t\t\t\t\t<h2 class=\"elementor-heading-title elementor-size-default\">El Par Biomagn\u00e8tic va neixer el dia 10 d'octubre de 1988, i el Dr.Isaac Goiz va ser el seu pare<\/h2>\t\t\t\t<\/div>\n\t\t\t\t<\/div>\n\t\t\t\t<div class=\"elementor-element elementor-element-27115289 elementor-widget elementor-widget-text-editor\" data-id=\"27115289\" data-element_type=\"widget\" data-e-type=\"widget\" data-widget_type=\"text-editor.default\">\n\t\t\t\t<div class=\"elementor-widget-container\">\n\t\t\t\t\t\t\t\t\t<p>A Pobla, M\u00e8xic, utilitzant els principis del Dr. Richard Broeringmayer, el Dr. Goiz va rastrejar l&#8217;organisme d&#8217;un pacient amb un imant de polaritat (-)buscant hipot\u00e8tiques zones d&#8217;alcalinitat extrema. Va trobar el que podria ser una sobre la zona de l&#8217;est\u00e8rnum per a despr\u00e9s buscar zones de possible acidesa extrema amb el pol (+)del mateix imant i va localitzar una zona sobre el sacre. Va aplicar aquestes polaritats sobre aquestes dues zones, en aquesta persona diagnosticada de VIH, a la setmana el seu organisme s&#8217;havia equilibrat, els seus s\u00edmptomes havien desaparegut i la seva anal\u00edtica normalitzat havent-hi segons el seu testimoniatge negativitzat la seropositividat al VIH. Durant aquest mateix dia, en les proximitat de la bas\u00edlica de la Verge de Guadalupe just quan davant d\u00b4ell passava un ind\u00edgena va tenir una revelaci\u00f3 respecte al que havia succe\u00eft, i aquell moment revelador va ser l&#8217;inici d&#8217;un nou m\u00e8tode que ha curat a milers i milers de persones en tot el mon.<\/p><p><strong>Per al Dr.Goiz, el que definim com a malaltia \u00e9s un estat equilibrat entre un focus d&#8217;acidesa extrema i un altre igual i proporcional per\u00f2 en direcci\u00f3 oposada cap a l&#8217;alcalinitat extrema, en qualsevol organisme<\/strong><\/p><p>\u00a0<\/p>\t\t\t\t\t\t\t\t<\/div>\n\t\t\t\t<\/div>\n\t\t\t\t<div class=\"elementor-element elementor-element-32ad7484 elementor-widget elementor-widget-button\" data-id=\"32ad7484\" data-element_type=\"widget\" data-e-type=\"widget\" data-widget_type=\"button.default\">\n\t\t\t\t<div class=\"elementor-widget-container\">\n\t\t\t\t\t\t\t\t\t<div class=\"elementor-button-wrapper\">\n\t\t\t\t\t<a class=\"elementor-button elementor-button-link elementor-size-sm\" href=\"#inici\">\n\t\t\t\t\t\t<span class=\"elementor-button-content-wrapper\">\n\t\t\t\t\t\t\t\t\t<span class=\"elementor-button-text\">Inici<\/span>\n\t\t\t\t\t<\/span>\n\t\t\t\t\t<\/a>\n\t\t\t\t<\/div>\n\t\t\t\t\t\t\t\t<\/div>\n\t\t\t\t<\/div>\n\t\t\t\t\t<\/div>\n\t\t<\/div>\n\t\t\t\t\t<\/div>\n\t\t<\/section>\n\t\t\t\t<section class=\"elementor-section elementor-top-section elementor-element elementor-element-532ac2f0 elementor-section-boxed elementor-section-height-default elementor-section-height-default\" data-id=\"532ac2f0\" data-element_type=\"section\" data-e-type=\"section\">\n\t\t\t\t\t\t\t<div class=\"elementor-background-overlay\"><\/div>\n\t\t\t\t\t\t\t<div class=\"elementor-container elementor-column-gap-default\">\n\t\t\t\t\t<div class=\"elementor-column elementor-col-100 elementor-top-column elementor-element elementor-element-57f2dcd6\" data-id=\"57f2dcd6\" data-element_type=\"column\" data-e-type=\"column\">\n\t\t\t<div class=\"elementor-widget-wrap elementor-element-populated\">\n\t\t\t\t\t\t<div class=\"elementor-element elementor-element-70d54b3 elementor-widget elementor-widget-heading\" data-id=\"70d54b3\" data-element_type=\"widget\" data-e-type=\"widget\" data-widget_type=\"heading.default\">\n\t\t\t\t<div class=\"elementor-widget-container\">\n\t\t\t\t\t<h2 class=\"elementor-heading-title elementor-size-default\">Espai Holystic Danna<\/h2>\t\t\t\t<\/div>\n\t\t\t\t<\/div>\n\t\t\t\t\t<\/div>\n\t\t<\/div>\n\t\t\t\t\t<\/div>\n\t\t<\/section>\n\t\t\t\t<section class=\"elementor-section elementor-top-section elementor-element elementor-element-72cb8251 elementor-section-boxed elementor-section-height-default elementor-section-height-default\" data-id=\"72cb8251\" data-element_type=\"section\" data-e-type=\"section\">\n\t\t\t\t\t\t<div class=\"elementor-container elementor-column-gap-default\">\n\t\t\t\t\t<div class=\"elementor-column elementor-col-50 elementor-top-column elementor-element elementor-element-1ed1181a\" data-id=\"1ed1181a\" data-element_type=\"column\" data-e-type=\"column\">\n\t\t\t<div class=\"elementor-widget-wrap elementor-element-populated\">\n\t\t\t\t\t\t<div class=\"elementor-element elementor-element-63c8cba3 elementor-widget elementor-widget-image\" data-id=\"63c8cba3\" data-element_type=\"widget\" data-e-type=\"widget\" data-widget_type=\"image.default\">\n\t\t\t\t<div class=\"elementor-widget-container\">\n\t\t\t\t\t\t\t\t\t\t\t\t\t\t\t<img decoding=\"async\" src=\"https:\/\/espaiholysticdanna.net\/wp-content\/uploads\/sites\/38\/elementor\/thumbs\/Pares-pvrvsjh0jwttbazy6hnzstv6lhm5byh43sem6m9d00.jpg\" title=\"Pares\" alt=\"Pares\" loading=\"lazy\" \/>\t\t\t\t\t\t\t\t\t\t\t\t\t\t\t<\/div>\n\t\t\t\t<\/div>\n\t\t\t\t\t<\/div>\n\t\t<\/div>\n\t\t\t\t<div class=\"elementor-column elementor-col-50 elementor-top-column elementor-element elementor-element-43a265aa\" data-id=\"43a265aa\" data-element_type=\"column\" data-e-type=\"column\">\n\t\t\t<div class=\"elementor-widget-wrap elementor-element-populated\">\n\t\t\t\t\t\t<div class=\"elementor-element elementor-element-74c7cc37 elementor-widget elementor-widget-heading\" data-id=\"74c7cc37\" data-element_type=\"widget\" data-e-type=\"widget\" data-widget_type=\"heading.default\">\n\t\t\t\t<div class=\"elementor-widget-container\">\n\t\t\t\t\t<h2 class=\"elementor-heading-title elementor-size-default\">Ter\u00e0pia f\u00edsica basada en el <b style=\"color:#24a25b\">Biomagnetisme<\/h2>\t\t\t\t<\/div>\n\t\t\t\t<\/div>\n\t\t\t\t<div class=\"elementor-element elementor-element-452c511d elementor-widget elementor-widget-text-editor\" data-id=\"452c511d\" data-element_type=\"widget\" data-e-type=\"widget\" data-widget_type=\"text-editor.default\">\n\t\t\t\t<div class=\"elementor-widget-container\">\n\t\t\t\t\t\t\t\t\t<p>Es treballa enfocat en la q\u00fcesti\u00f3 microbiana directament i la seva relaci\u00f3 amb els camps magn\u00e8tics permanents. Consta de 1300 conceptes. Es tracta d&#8217;impactar en el cos un imant negatiu i el seu corresponent polar positiu a fi de restablir el corresponent equilibri en el cos.<\/p><p>Els seus efectes s\u00f3n:<\/p><ul><li>La capacitat d&#8217;orientes, ordenar i organitzar la mat\u00e8ria a fi que el consum, absorci\u00f3 i efic\u00e0cia de qualsevol fluid corporal millori el seu rendiment<\/li><li>Millora l&#8217;absorci\u00f3 i la secreci\u00f3 cel\u00b7lular i org\u00e0nica (a causa de la qual cosa \u00e9s el major antiinflamatori que es coneix en la naturalesa.<\/li><li>Equilibra el pH sempre que existeixi un fenomen de dins a fora, i sempre que existeixi una membrana.<\/li><li>Segons recerques en f\u00edsica qu\u00e0ntica, que ho corroboren, els imants poden amplificar la intenci\u00f3 del qual els utilitza<\/li><\/ul>\t\t\t\t\t\t\t\t<\/div>\n\t\t\t\t<\/div>\n\t\t\t\t<div class=\"elementor-element elementor-element-6d0f4cef elementor-widget elementor-widget-button\" data-id=\"6d0f4cef\" data-element_type=\"widget\" data-e-type=\"widget\" data-widget_type=\"button.default\">\n\t\t\t\t<div class=\"elementor-widget-container\">\n\t\t\t\t\t\t\t\t\t<div class=\"elementor-button-wrapper\">\n\t\t\t\t\t<a class=\"elementor-button elementor-button-link elementor-size-sm\" href=\"#inici\">\n\t\t\t\t\t\t<span class=\"elementor-button-content-wrapper\">\n\t\t\t\t\t\t\t\t\t<span class=\"elementor-button-text\">Inici<\/span>\n\t\t\t\t\t<\/span>\n\t\t\t\t\t<\/a>\n\t\t\t\t<\/div>\n\t\t\t\t\t\t\t\t<\/div>\n\t\t\t\t<\/div>\n\t\t\t\t\t<\/div>\n\t\t<\/div>\n\t\t\t\t\t<\/div>\n\t\t<\/section>\n\t\t\t\t<section class=\"elementor-section elementor-top-section elementor-element elementor-element-73859e9e elementor-section-boxed elementor-section-height-default elementor-section-height-default\" data-id=\"73859e9e\" data-element_type=\"section\" data-e-type=\"section\">\n\t\t\t\t\t\t\t<div class=\"elementor-background-overlay\"><\/div>\n\t\t\t\t\t\t\t<div class=\"elementor-container elementor-column-gap-default\">\n\t\t\t\t\t<div class=\"elementor-column elementor-col-100 elementor-top-column elementor-element elementor-element-239a40bc\" data-id=\"239a40bc\" data-element_type=\"column\" data-e-type=\"column\">\n\t\t\t<div class=\"elementor-widget-wrap elementor-element-populated\">\n\t\t\t\t\t\t<div class=\"elementor-element elementor-element-54cd9ee7 elementor-widget elementor-widget-heading\" data-id=\"54cd9ee7\" data-element_type=\"widget\" data-e-type=\"widget\" data-widget_type=\"heading.default\">\n\t\t\t\t<div class=\"elementor-widget-container\">\n\t\t\t\t\t<h2 class=\"elementor-heading-title elementor-size-default\">Espai Holystic Danna<\/h2>\t\t\t\t<\/div>\n\t\t\t\t<\/div>\n\t\t\t\t<div class=\"elementor-element elementor-element-1f01b54 elementor-widget elementor-widget-menu-anchor\" data-id=\"1f01b54\" data-element_type=\"widget\" data-e-type=\"widget\" data-widget_type=\"menu-anchor.default\">\n\t\t\t\t<div class=\"elementor-widget-container\">\n\t\t\t\t\t\t\t<div class=\"elementor-menu-anchor\" id=\"f3\"><\/div>\n\t\t\t\t\t\t<\/div>\n\t\t\t\t<\/div>\n\t\t\t\t\t<\/div>\n\t\t<\/div>\n\t\t\t\t\t<\/div>\n\t\t<\/section>\n\t\t\t\t<section class=\"elementor-section elementor-top-section elementor-element elementor-element-496b0268 elementor-section-full_width elementor-section-height-default elementor-section-height-default\" data-id=\"496b0268\" data-element_type=\"section\" data-e-type=\"section\">\n\t\t\t\t\t\t\t<div class=\"elementor-background-overlay\"><\/div>\n\t\t\t\t\t\t\t<div class=\"elementor-container elementor-column-gap-default\">\n\t\t\t\t\t<div class=\"elementor-column elementor-col-100 elementor-top-column elementor-element elementor-element-bb803da\" data-id=\"bb803da\" data-element_type=\"column\" data-e-type=\"column\">\n\t\t\t<div class=\"elementor-widget-wrap elementor-element-populated\">\n\t\t\t\t\t\t<div class=\"elementor-element elementor-element-cdb6a0b elementor-widget elementor-widget-heading\" data-id=\"cdb6a0b\" data-element_type=\"widget\" data-e-type=\"widget\" data-widget_type=\"heading.default\">\n\t\t\t\t<div class=\"elementor-widget-container\">\n\t\t\t\t\t<h2 class=\"elementor-heading-title elementor-size-default\">Sessions a Figueres, Barcelona i online<\/h2>\t\t\t\t<\/div>\n\t\t\t\t<\/div>\n\t\t\t\t<div class=\"elementor-element elementor-element-067237c elementor-widget elementor-widget-heading\" data-id=\"067237c\" data-element_type=\"widget\" data-e-type=\"widget\" data-widget_type=\"heading.default\">\n\t\t\t\t<div class=\"elementor-widget-container\">\n\t\t\t\t\t<h2 class=\"elementor-heading-title elementor-size-default\">Cursos presencials i online<\/h2>\t\t\t\t<\/div>\n\t\t\t\t<\/div>\n\t\t\t\t\t<\/div>\n\t\t<\/div>\n\t\t\t\t\t<\/div>\n\t\t<\/section>\n\t\t\t\t<section class=\"elementor-section elementor-top-section elementor-element elementor-element-3eb66b40 elementor-section-boxed elementor-section-height-default elementor-section-height-default\" data-id=\"3eb66b40\" data-element_type=\"section\" data-e-type=\"section\">\n\t\t\t\t\t\t\t<div class=\"elementor-background-overlay\"><\/div>\n\t\t\t\t\t\t\t<div class=\"elementor-container elementor-column-gap-default\">\n\t\t\t\t\t<div class=\"elementor-column elementor-col-100 elementor-top-column elementor-element elementor-element-45f80b50\" data-id=\"45f80b50\" data-element_type=\"column\" data-e-type=\"column\">\n\t\t\t<div class=\"elementor-widget-wrap elementor-element-populated\">\n\t\t\t\t\t\t<div class=\"elementor-element elementor-element-6897c13f elementor-widget elementor-widget-heading\" data-id=\"6897c13f\" data-element_type=\"widget\" data-e-type=\"widget\" data-widget_type=\"heading.default\">\n\t\t\t\t<div class=\"elementor-widget-container\">\n\t\t\t\t\t<h2 class=\"elementor-heading-title elementor-size-default\">Contacte  tel. 665611976 o juliapusen@hotmail.com<br>(J\u00falia Pujol)<\/h2>\t\t\t\t<\/div>\n\t\t\t\t<\/div>\n\t\t\t\t\t<\/div>\n\t\t<\/div>\n\t\t\t\t\t<\/div>\n\t\t<\/section>\n\t\t\t\t<\/div>\n\t\t","protected":false},"excerpt":{"rendered":"<p>\/*! elementor &#8211; v3.9.2 &#8211; 21-12-2022 *\/ .elementor-heading-title{padding:0;margin:0;line-height:1}.elementor-widget-heading .elementor-heading-title[class*=elementor-size-]&gt;a{color:inherit;font-size:inherit;line-height:inherit}.elementor-widget-heading .elementor-heading-title.elementor-size-small{font-size:15px}.elementor-widget-heading .elementor-heading-title.elementor-size-medium{font-size:19px}.elementor-widget-heading .elementor-heading-title.elementor-size-large{font-size:29px}.elementor-widget-heading .elementor-heading-title.elementor-size-xl{font-size:39px}.elementor-widget-heading .elementor-heading-title.elementor-size-xxl{font-size:59px} Parbiomagn\u00e9tico \/*! elementor &#8211; v3.9.2 &#8211; 21-12-2022 *\/ body.elementor-page .elementor-widget-menu-anchor{margin-bottom:0} El Par Biomagn\u00e9tico del Dr.Isaac Goiz [&hellip;]<\/p>\n","protected":false},"author":1,"featured_media":0,"parent":0,"menu_order":0,"comment_status":"closed","ping_status":"closed","template":"elementor_header_footer","meta":{"footnotes":""},"class_list":["post-661","page","type-page","status-publish","hentry"],"jetpack_sharing_enabled":true,"_links":{"self":[{"href":"https:\/\/espaiholysticdanna.net\/es\/wp-json\/wp\/v2\/pages\/661","targetHints":{"allow":["GET"]}}],"collection":[{"href":"https:\/\/espaiholysticdanna.net\/es\/wp-json\/wp\/v2\/pages"}],"about":[{"href":"https:\/\/espaiholysticdanna.net\/es\/wp-json\/wp\/v2\/types\/page"}],"author":[{"embeddable":true,"href":"https:\/\/espaiholysticdanna.net\/es\/wp-json\/wp\/v2\/users\/1"}],"replies":[{"embeddable":true,"href":"https:\/\/espaiholysticdanna.net\/es\/wp-json\/wp\/v2\/comments?post=661"}],"version-history":[{"count":62,"href":"https:\/\/espaiholysticdanna.net\/es\/wp-json\/wp\/v2\/pages\/661\/revisions"}],"predecessor-version":[{"id":2600,"href":"https:\/\/espaiholysticdanna.net\/es\/wp-json\/wp\/v2\/pages\/661\/revisions\/2600"}],"wp:attachment":[{"href":"https:\/\/espaiholysticdanna.net\/es\/wp-json\/wp\/v2\/media?parent=661"}],"curies":[{"name":"wp","href":"https:\/\/api.w.org\/{rel}","templated":true}]}}