{"id":118,"date":"2014-07-21T21:14:04","date_gmt":"2014-07-21T19:14:04","guid":{"rendered":"http:\/\/espaiholysticdanna.com\/?page_id=118"},"modified":"2023-01-27T22:08:01","modified_gmt":"2023-01-27T21:08:01","slug":"sessions-cursos","status":"publish","type":"page","link":"https:\/\/espaiholysticdanna.net\/es\/sessions-cursos\/","title":{"rendered":"Sesiones y Cursos"},"content":{"rendered":"\t\t<div data-elementor-type=\"wp-page\" data-elementor-id=\"118\" class=\"elementor elementor-118\" data-elementor-post-type=\"page\">\n\t\t\t\t\t\t<section class=\"elementor-section elementor-top-section elementor-element elementor-element-4b3269a6 elementor-section-full_width elementor-section-height-min-height elementor-section-height-default elementor-section-items-middle\" data-id=\"4b3269a6\" data-element_type=\"section\" data-e-type=\"section\" data-settings=\"{&quot;background_background&quot;:&quot;classic&quot;}\">\n\t\t\t\t\t\t\t<div class=\"elementor-background-overlay\"><\/div>\n\t\t\t\t\t\t\t<div class=\"elementor-container elementor-column-gap-default\">\n\t\t\t\t\t<div class=\"elementor-column elementor-col-100 elementor-top-column elementor-element elementor-element-5af03361\" data-id=\"5af03361\" data-element_type=\"column\" data-e-type=\"column\">\n\t\t\t<div class=\"elementor-widget-wrap elementor-element-populated\">\n\t\t\t\t\t\t<div class=\"elementor-element elementor-element-5f4d1bef elementor-widget elementor-widget-heading\" data-id=\"5f4d1bef\" data-element_type=\"widget\" data-e-type=\"widget\" data-widget_type=\"heading.default\">\n\t\t\t\t<div class=\"elementor-widget-container\">\n\t\t\t\t\t<h1 class=\"elementor-heading-title elementor-size-default\">Sessions i Cursos<\/h1>\t\t\t\t<\/div>\n\t\t\t\t<\/div>\n\t\t\t\t\t<\/div>\n\t\t<\/div>\n\t\t\t\t\t<\/div>\n\t\t<\/section>\n\t\t\t\t<section class=\"elementor-section elementor-top-section elementor-element elementor-element-38948a3 elementor-section-boxed elementor-section-height-default elementor-section-height-default\" data-id=\"38948a3\" data-element_type=\"section\" data-e-type=\"section\">\n\t\t\t\t\t\t<div class=\"elementor-container elementor-column-gap-default\">\n\t\t\t\t\t<div class=\"elementor-column elementor-col-50 elementor-top-column elementor-element elementor-element-8205cb3\" data-id=\"8205cb3\" data-element_type=\"column\" data-e-type=\"column\">\n\t\t\t<div class=\"elementor-widget-wrap elementor-element-populated\">\n\t\t\t\t\t\t<div class=\"elementor-element elementor-element-0d9e262 elementor-widget elementor-widget-image\" data-id=\"0d9e262\" data-element_type=\"widget\" data-e-type=\"widget\" data-widget_type=\"image.default\">\n\t\t\t\t<div class=\"elementor-widget-container\">\n\t\t\t\t\t\t\t\t\t\t\t\t\t\t\t<img fetchpriority=\"high\" decoding=\"async\" width=\"768\" height=\"1057\" src=\"https:\/\/espaiholysticdanna.net\/wp-content\/uploads\/sites\/38\/2023\/01\/Aprender-Astrologia-hol.-768x1057.jpg\" class=\"attachment-medium_large size-medium_large wp-image-2820\" alt=\"\" srcset=\"https:\/\/espaiholysticdanna.net\/wp-content\/uploads\/sites\/38\/2023\/01\/Aprender-Astrologia-hol.-768x1057.jpg 768w, https:\/\/espaiholysticdanna.net\/wp-content\/uploads\/sites\/38\/2023\/01\/Aprender-Astrologia-hol.-218x300.jpg 218w, https:\/\/espaiholysticdanna.net\/wp-content\/uploads\/sites\/38\/2023\/01\/Aprender-Astrologia-hol.-744x1024.jpg 744w, https:\/\/espaiholysticdanna.net\/wp-content\/uploads\/sites\/38\/2023\/01\/Aprender-Astrologia-hol.-1116x1536.jpg 1116w, https:\/\/espaiholysticdanna.net\/wp-content\/uploads\/sites\/38\/2023\/01\/Aprender-Astrologia-hol.-1488x2048.jpg 1488w, https:\/\/espaiholysticdanna.net\/wp-content\/uploads\/sites\/38\/2023\/01\/Aprender-Astrologia-hol..jpg 1807w\" sizes=\"(max-width: 768px) 100vw, 768px\" \/>\t\t\t\t\t\t\t\t\t\t\t\t\t\t\t<\/div>\n\t\t\t\t<\/div>\n\t\t\t\t\t<\/div>\n\t\t<\/div>\n\t\t\t\t<div class=\"elementor-column elementor-col-50 elementor-top-column elementor-element elementor-element-1501930\" data-id=\"1501930\" data-element_type=\"column\" data-e-type=\"column\">\n\t\t\t<div class=\"elementor-widget-wrap elementor-element-populated\">\n\t\t\t\t\t\t<div class=\"elementor-element elementor-element-e04b4df elementor-widget elementor-widget-heading\" data-id=\"e04b4df\" data-element_type=\"widget\" data-e-type=\"widget\" data-widget_type=\"heading.default\">\n\t\t\t\t<div class=\"elementor-widget-container\">\n\t\t\t\t\t<h2 class=\"elementor-heading-title elementor-size-default\">Apren Astrologia d'una manera vivencial i hol\u00edstica<\/h2>\t\t\t\t<\/div>\n\t\t\t\t<\/div>\n\t\t\t\t<div class=\"elementor-element elementor-element-3f46719 elementor-widget elementor-widget-text-editor\" data-id=\"3f46719\" data-element_type=\"widget\" data-e-type=\"widget\" data-widget_type=\"text-editor.default\">\n\t\t\t\t<div class=\"elementor-widget-container\">\n\t\t\t\t\t\t\t\t\t<p>Conneixer les bases de la Astrolog\u00eda Psicol\u00f2gica i mitjan\u00e7ant pr\u00e0ctiques xam\u00e0niques, de imagineria, meditaci\u00f3 creativa&#8230; per vivenciar-ho especialment. Es tracte d\u00b4obrir la porta al mon interior de la m\u00e0 dels nostres germans del sistema solar, el Sol, la Lluna, els planetes i els 12 signes<\/p>\t\t\t\t\t\t\t\t<\/div>\n\t\t\t\t<\/div>\n\t\t\t\t<div class=\"elementor-element elementor-element-1f41878 elementor-widget elementor-widget-button\" data-id=\"1f41878\" data-element_type=\"widget\" data-e-type=\"widget\" data-widget_type=\"button.default\">\n\t\t\t\t<div class=\"elementor-widget-container\">\n\t\t\t\t\t\t\t\t\t<div class=\"elementor-button-wrapper\">\n\t\t\t\t\t<a class=\"elementor-button elementor-button-link elementor-size-sm\" href=\"#\">\n\t\t\t\t\t\t<span class=\"elementor-button-content-wrapper\">\n\t\t\t\t\t\t\t\t\t<span class=\"elementor-button-text\">inici<\/span>\n\t\t\t\t\t<\/span>\n\t\t\t\t\t<\/a>\n\t\t\t\t<\/div>\n\t\t\t\t\t\t\t\t<\/div>\n\t\t\t\t<\/div>\n\t\t\t\t\t<\/div>\n\t\t<\/div>\n\t\t\t\t\t<\/div>\n\t\t<\/section>\n\t\t\t\t<section class=\"elementor-section elementor-top-section elementor-element elementor-element-726bd16e elementor-section-boxed elementor-section-height-default elementor-section-height-default\" data-id=\"726bd16e\" data-element_type=\"section\" data-e-type=\"section\">\n\t\t\t\t\t\t<div class=\"elementor-container elementor-column-gap-default\">\n\t\t\t\t\t<div class=\"elementor-column elementor-col-100 elementor-top-column elementor-element elementor-element-3769735b\" data-id=\"3769735b\" data-element_type=\"column\" data-e-type=\"column\">\n\t\t\t<div class=\"elementor-widget-wrap elementor-element-populated\">\n\t\t\t\t\t\t<div class=\"elementor-element elementor-element-790e3c57 elementor-widget elementor-widget-heading\" data-id=\"790e3c57\" data-element_type=\"widget\" data-e-type=\"widget\" data-widget_type=\"heading.default\">\n\t\t\t\t<div class=\"elementor-widget-container\">\n\t\t\t\t\t<h2 class=\"elementor-heading-title elementor-size-default\">Ter\u00e0pies manuals i energ\u00e8tiques<\/h2>\t\t\t\t<\/div>\n\t\t\t\t<\/div>\n\t\t\t\t<div class=\"elementor-element elementor-element-24c39c8c elementor-widget elementor-widget-text-editor\" data-id=\"24c39c8c\" data-element_type=\"widget\" data-e-type=\"widget\" data-widget_type=\"text-editor.default\">\n\t\t\t\t<div class=\"elementor-widget-container\">\n\t\t\t\t\t\t\t\t\t<p><b style=\"background-color: transparent\">Shiatsu-<\/b><strong style=\"background-color: transparent\">Sessions amb t\u00e9cniques de kinesiologia- ParBiomagn\u00e8tic<\/strong><span style=\"background-color: transparent\"><\/span><\/p>\t\t\t\t\t\t\t\t<\/div>\n\t\t\t\t<\/div>\n\t\t\t\t<div class=\"elementor-element elementor-element-d38fbe4 elementor-widget elementor-widget-heading\" data-id=\"d38fbe4\" data-element_type=\"widget\" data-e-type=\"widget\" data-widget_type=\"heading.default\">\n\t\t\t\t<div class=\"elementor-widget-container\">\n\t\t\t\t\t<h2 class=\"elementor-heading-title elementor-size-default\">Sessions xam\u00e0niques <\/h2>\t\t\t\t<\/div>\n\t\t\t\t<\/div>\n\t\t\t\t<div class=\"elementor-element elementor-element-5e84eba elementor-widget elementor-widget-text-editor\" data-id=\"5e84eba\" data-element_type=\"widget\" data-e-type=\"widget\" data-widget_type=\"text-editor.default\">\n\t\t\t\t<div class=\"elementor-widget-container\">\n\t\t\t\t\t\t\t\t\t<p><strong>Recuperaci\u00f3 de l\u00b4animal de poder-Extracci\u00f3-Recuperaci\u00f3 d&#8217;anima-Adivinaci\u00f3<\/strong><\/p><p><\/strong><\/p>\t\t\t\t\t\t\t\t<\/div>\n\t\t\t\t<\/div>\n\t\t\t\t<div class=\"elementor-element elementor-element-003b7c6 elementor-widget elementor-widget-heading\" data-id=\"003b7c6\" data-element_type=\"widget\" data-e-type=\"widget\" data-widget_type=\"heading.default\">\n\t\t\t\t<div class=\"elementor-widget-container\">\n\t\t\t\t\t<h2 class=\"elementor-heading-title elementor-size-default\">Astrologia  <\/h2>\t\t\t\t<\/div>\n\t\t\t\t<\/div>\n\t\t\t\t<div class=\"elementor-element elementor-element-473772d elementor-widget elementor-widget-text-editor\" data-id=\"473772d\" data-element_type=\"widget\" data-e-type=\"widget\" data-widget_type=\"text-editor.default\">\n\t\t\t\t<div class=\"elementor-widget-container\">\n\t\t\t\t\t\t\t\t\t<p>\u00a0Hor\u00f2scop natal i actual<\/p><p>Cursos d&#8217;iniciaci\u00f3 a la Astrologia, especialitzada en Psicologia Astrol\u00f2gica Huber<\/p><p>Tallers d\u00b4Astrologia hol\u00edstics: Combinaci\u00f3 d\u00b4Astrologia, Xamanisme i Kinesiologia\u00a0<\/p><p><\/p>\t\t\t\t\t\t\t\t<\/div>\n\t\t\t\t<\/div>\n\t\t\t\t\t<\/div>\n\t\t<\/div>\n\t\t\t\t\t<\/div>\n\t\t<\/section>\n\t\t\t\t<section class=\"elementor-section elementor-top-section elementor-element elementor-element-4e1bc644 elementor-section-boxed elementor-section-height-default elementor-section-height-default\" data-id=\"4e1bc644\" data-element_type=\"section\" data-e-type=\"section\">\n\t\t\t\t\t\t\t<div class=\"elementor-background-overlay\"><\/div>\n\t\t\t\t\t\t\t<div class=\"elementor-container elementor-column-gap-default\">\n\t\t\t\t\t<div class=\"elementor-column elementor-col-100 elementor-top-column elementor-element elementor-element-6da3f099\" data-id=\"6da3f099\" data-element_type=\"column\" data-e-type=\"column\">\n\t\t\t<div class=\"elementor-widget-wrap elementor-element-populated\">\n\t\t\t\t\t\t<div class=\"elementor-element elementor-element-20e08e90 elementor-widget elementor-widget-heading\" data-id=\"20e08e90\" data-element_type=\"widget\" data-e-type=\"widget\" data-widget_type=\"heading.default\">\n\t\t\t\t<div class=\"elementor-widget-container\">\n\t\t\t\t\t<h2 class=\"elementor-heading-title elementor-size-medium\">Espai Holystic Danna<\/h2>\t\t\t\t<\/div>\n\t\t\t\t<\/div>\n\t\t\t\t<div class=\"elementor-element elementor-element-4f91a0bb elementor-widget elementor-widget-menu-anchor\" data-id=\"4f91a0bb\" data-element_type=\"widget\" data-e-type=\"widget\" data-widget_type=\"menu-anchor.default\">\n\t\t\t\t<div class=\"elementor-widget-container\">\n\t\t\t\t\t\t\t<div class=\"elementor-menu-anchor\" id=\"f1\"><\/div>\n\t\t\t\t\t\t<\/div>\n\t\t\t\t<\/div>\n\t\t\t\t\t<\/div>\n\t\t<\/div>\n\t\t\t\t\t<\/div>\n\t\t<\/section>\n\t\t\t\t<section class=\"elementor-section elementor-top-section elementor-element elementor-element-2e18b4b3 elementor-section-boxed elementor-section-height-default elementor-section-height-default\" data-id=\"2e18b4b3\" data-element_type=\"section\" data-e-type=\"section\">\n\t\t\t\t\t\t<div class=\"elementor-container elementor-column-gap-default\">\n\t\t\t\t\t<div class=\"elementor-column elementor-col-50 elementor-top-column elementor-element elementor-element-29d773dd\" data-id=\"29d773dd\" data-element_type=\"column\" data-e-type=\"column\">\n\t\t\t<div class=\"elementor-widget-wrap elementor-element-populated\">\n\t\t\t\t\t\t<div class=\"elementor-element elementor-element-433ac6 elementor-widget elementor-widget-image\" data-id=\"433ac6\" data-element_type=\"widget\" data-e-type=\"widget\" data-widget_type=\"image.default\">\n\t\t\t\t<div class=\"elementor-widget-container\">\n\t\t\t\t\t\t\t\t\t\t\t\t\t\t\t<img decoding=\"async\" width=\"600\" height=\"150\" src=\"https:\/\/espaiholysticdanna.net\/wp-content\/uploads\/sites\/38\/2022\/12\/Curs-basic-astrologia.jpg\" class=\"attachment-medium_large size-medium_large wp-image-2320\" alt=\"\" srcset=\"https:\/\/espaiholysticdanna.net\/wp-content\/uploads\/sites\/38\/2022\/12\/Curs-basic-astrologia.jpg 600w, https:\/\/espaiholysticdanna.net\/wp-content\/uploads\/sites\/38\/2022\/12\/Curs-basic-astrologia-300x75.jpg 300w\" sizes=\"(max-width: 600px) 100vw, 600px\" \/>\t\t\t\t\t\t\t\t\t\t\t\t\t\t\t<\/div>\n\t\t\t\t<\/div>\n\t\t\t\t<div class=\"elementor-element elementor-element-8e737bc elementor-widget elementor-widget-image\" data-id=\"8e737bc\" data-element_type=\"widget\" data-e-type=\"widget\" data-widget_type=\"image.default\">\n\t\t\t\t<div class=\"elementor-widget-container\">\n\t\t\t\t\t\t\t\t\t\t\t\t\t\t\t<img decoding=\"async\" width=\"768\" height=\"536\" src=\"https:\/\/espaiholysticdanna.net\/wp-content\/uploads\/sites\/38\/2014\/07\/los-5-niveles-1-768x536.png\" class=\"attachment-medium_large size-medium_large wp-image-247\" alt=\"\" srcset=\"https:\/\/espaiholysticdanna.net\/wp-content\/uploads\/sites\/38\/2014\/07\/los-5-niveles-1-768x536.png 768w, https:\/\/espaiholysticdanna.net\/wp-content\/uploads\/sites\/38\/2014\/07\/los-5-niveles-1-300x209.png 300w, https:\/\/espaiholysticdanna.net\/wp-content\/uploads\/sites\/38\/2014\/07\/los-5-niveles-1.png 1002w\" sizes=\"(max-width: 768px) 100vw, 768px\" \/>\t\t\t\t\t\t\t\t\t\t\t\t\t\t\t<\/div>\n\t\t\t\t<\/div>\n\t\t\t\t\t<\/div>\n\t\t<\/div>\n\t\t\t\t<div class=\"elementor-column elementor-col-50 elementor-top-column elementor-element elementor-element-7b7085ea\" data-id=\"7b7085ea\" data-element_type=\"column\" data-e-type=\"column\">\n\t\t\t<div class=\"elementor-widget-wrap elementor-element-populated\">\n\t\t\t\t\t\t<div class=\"elementor-element elementor-element-3b957934 elementor-widget elementor-widget-heading\" data-id=\"3b957934\" data-element_type=\"widget\" data-e-type=\"widget\" data-widget_type=\"heading.default\">\n\t\t\t\t<div class=\"elementor-widget-container\">\n\t\t\t\t\t<h2 class=\"elementor-heading-title elementor-size-default\">Cursos d'iniciaci\u00f3 a la Astrologia<\/h2>\t\t\t\t<\/div>\n\t\t\t\t<\/div>\n\t\t\t\t<div class=\"elementor-element elementor-element-4a27695f elementor-widget elementor-widget-text-editor\" data-id=\"4a27695f\" data-element_type=\"widget\" data-e-type=\"widget\" data-widget_type=\"text-editor.default\">\n\t\t\t\t<div class=\"elementor-widget-container\">\n\t\t\t\t\t\t\t\t\tDes de l&#8217;inici es treballa de manera te\u00f2rica i pr\u00e0ctica, molt vivencial. Presencial i on line.<br><br>\nS&#8217;inclou la carta natal en comen\u00e7ar amb el material del curs a fi de treballar amb ella des de l&#8217;inici.\n<br><br>\nFormaci\u00f3 agrupada en 5 nivells d&#8217;unes 15 hores aproximadament cadascun:\n<br><br>\nB1) Curs b\u00e0sic: Els diferents nivells en la carta; els planetes, les creus i temperaments, els signes del zodiac i l&#8217;hor\u00f2scop com a estructura espacial\n<br>\nB2) Fonaments de la interpretaci\u00f3: Bases d&#8217;astronomia, i an\u00e0lisi de la figura a trav\u00e9s de la forma, els colors i els aspectes\n<br>\nB3) Regles d&#8217;interpretaci\u00f3\n<br>\nB4) La personalitat\n<br>\nB5) La progressi\u00f3 de l&#8217;edat i les fases de la vida\n\n\t\t\t\t\t\t\t\t<\/div>\n\t\t\t\t<\/div>\n\t\t\t\t<div class=\"elementor-element elementor-element-afc12c8 elementor-widget elementor-widget-button\" data-id=\"afc12c8\" data-element_type=\"widget\" data-e-type=\"widget\" data-widget_type=\"button.default\">\n\t\t\t\t<div class=\"elementor-widget-container\">\n\t\t\t\t\t\t\t\t\t<div class=\"elementor-button-wrapper\">\n\t\t\t\t\t<a class=\"elementor-button elementor-button-link elementor-size-sm\" href=\"#\">\n\t\t\t\t\t\t<span class=\"elementor-button-content-wrapper\">\n\t\t\t\t\t\t\t\t\t<span class=\"elementor-button-text\">inici<\/span>\n\t\t\t\t\t<\/span>\n\t\t\t\t\t<\/a>\n\t\t\t\t<\/div>\n\t\t\t\t\t\t\t\t<\/div>\n\t\t\t\t<\/div>\n\t\t\t\t\t<\/div>\n\t\t<\/div>\n\t\t\t\t\t<\/div>\n\t\t<\/section>\n\t\t\t\t<section class=\"elementor-section elementor-top-section elementor-element elementor-element-4628fb0 elementor-section-boxed elementor-section-height-default elementor-section-height-default\" data-id=\"4628fb0\" data-element_type=\"section\" data-e-type=\"section\">\n\t\t\t\t\t\t\t<div class=\"elementor-background-overlay\"><\/div>\n\t\t\t\t\t\t\t<div class=\"elementor-container elementor-column-gap-default\">\n\t\t\t\t\t<div class=\"elementor-column elementor-col-100 elementor-top-column elementor-element elementor-element-33586a8\" data-id=\"33586a8\" data-element_type=\"column\" data-e-type=\"column\">\n\t\t\t<div class=\"elementor-widget-wrap elementor-element-populated\">\n\t\t\t\t\t\t<div class=\"elementor-element elementor-element-44d7346 elementor-widget elementor-widget-heading\" data-id=\"44d7346\" data-element_type=\"widget\" data-e-type=\"widget\" data-widget_type=\"heading.default\">\n\t\t\t\t<div class=\"elementor-widget-container\">\n\t\t\t\t\t<h2 class=\"elementor-heading-title elementor-size-medium\">Espai Holystic Danna<\/h2>\t\t\t\t<\/div>\n\t\t\t\t<\/div>\n\t\t\t\t<div class=\"elementor-element elementor-element-4c100a7 elementor-widget elementor-widget-menu-anchor\" data-id=\"4c100a7\" data-element_type=\"widget\" data-e-type=\"widget\" data-widget_type=\"menu-anchor.default\">\n\t\t\t\t<div class=\"elementor-widget-container\">\n\t\t\t\t\t\t\t<div class=\"elementor-menu-anchor\" id=\"f1\"><\/div>\n\t\t\t\t\t\t<\/div>\n\t\t\t\t<\/div>\n\t\t\t\t\t<\/div>\n\t\t<\/div>\n\t\t\t\t\t<\/div>\n\t\t<\/section>\n\t\t\t\t<section class=\"elementor-section elementor-top-section elementor-element elementor-element-5daa387f elementor-section-full_width elementor-section-height-default elementor-section-height-default\" data-id=\"5daa387f\" data-element_type=\"section\" data-e-type=\"section\">\n\t\t\t\t\t\t\t<div class=\"elementor-background-overlay\"><\/div>\n\t\t\t\t\t\t\t<div class=\"elementor-container elementor-column-gap-default\">\n\t\t\t\t\t<div class=\"elementor-column elementor-col-100 elementor-top-column elementor-element elementor-element-1aef309e\" data-id=\"1aef309e\" data-element_type=\"column\" data-e-type=\"column\">\n\t\t\t<div class=\"elementor-widget-wrap elementor-element-populated\">\n\t\t\t\t\t\t<div class=\"elementor-element elementor-element-499de4e9 elementor-widget elementor-widget-heading\" data-id=\"499de4e9\" data-element_type=\"widget\" data-e-type=\"widget\" data-widget_type=\"heading.default\">\n\t\t\t\t<div class=\"elementor-widget-container\">\n\t\t\t\t\t<h2 class=\"elementor-heading-title elementor-size-default\">Sessions a Figueres, Barcelona i online<\/h2>\t\t\t\t<\/div>\n\t\t\t\t<\/div>\n\t\t\t\t\t<\/div>\n\t\t<\/div>\n\t\t\t\t\t<\/div>\n\t\t<\/section>\n\t\t\t\t<section class=\"elementor-section elementor-top-section elementor-element elementor-element-cf7c3ba elementor-section-full_width elementor-section-height-default elementor-section-height-default\" data-id=\"cf7c3ba\" data-element_type=\"section\" data-e-type=\"section\">\n\t\t\t\t\t\t\t<div class=\"elementor-background-overlay\"><\/div>\n\t\t\t\t\t\t\t<div class=\"elementor-container elementor-column-gap-default\">\n\t\t\t\t\t<div class=\"elementor-column elementor-col-100 elementor-top-column elementor-element elementor-element-1136c74\" data-id=\"1136c74\" data-element_type=\"column\" data-e-type=\"column\">\n\t\t\t<div class=\"elementor-widget-wrap elementor-element-populated\">\n\t\t\t\t\t\t<div class=\"elementor-element elementor-element-ee46ea6 elementor-widget elementor-widget-heading\" data-id=\"ee46ea6\" data-element_type=\"widget\" data-e-type=\"widget\" data-widget_type=\"heading.default\">\n\t\t\t\t<div class=\"elementor-widget-container\">\n\t\t\t\t\t<h2 class=\"elementor-heading-title elementor-size-default\">Cursos presencials i online<\/h2>\t\t\t\t<\/div>\n\t\t\t\t<\/div>\n\t\t\t\t\t<\/div>\n\t\t<\/div>\n\t\t\t\t\t<\/div>\n\t\t<\/section>\n\t\t\t\t<section class=\"elementor-section elementor-top-section elementor-element elementor-element-0b8444d elementor-section-boxed elementor-section-height-default elementor-section-height-default\" data-id=\"0b8444d\" data-element_type=\"section\" data-e-type=\"section\">\n\t\t\t\t\t\t\t<div class=\"elementor-background-overlay\"><\/div>\n\t\t\t\t\t\t\t<div class=\"elementor-container elementor-column-gap-default\">\n\t\t\t\t\t<div class=\"elementor-column elementor-col-100 elementor-top-column elementor-element elementor-element-b8a2d1c\" data-id=\"b8a2d1c\" data-element_type=\"column\" data-e-type=\"column\">\n\t\t\t<div class=\"elementor-widget-wrap elementor-element-populated\">\n\t\t\t\t\t\t<div class=\"elementor-element elementor-element-e8a4a89 elementor-widget elementor-widget-heading\" data-id=\"e8a4a89\" data-element_type=\"widget\" data-e-type=\"widget\" data-widget_type=\"heading.default\">\n\t\t\t\t<div class=\"elementor-widget-container\">\n\t\t\t\t\t<h2 class=\"elementor-heading-title elementor-size-default\">Contacte tel.665611976 i juliapusen@hotmail.com<br> (J\u00falia Pujol)<\/h2>\t\t\t\t<\/div>\n\t\t\t\t<\/div>\n\t\t\t\t\t<\/div>\n\t\t<\/div>\n\t\t\t\t\t<\/div>\n\t\t<\/section>\n\t\t\t\t<\/div>\n\t\t","protected":false},"excerpt":{"rendered":"<p>\/*! elementor &#8211; v3.10.1 &#8211; 17-01-2023 *\/ .elementor-heading-title{padding:0;margin:0;line-height:1}.elementor-widget-heading .elementor-heading-title[class*=elementor-size-]&gt;a{color:inherit;font-size:inherit;line-height:inherit}.elementor-widget-heading .elementor-heading-title.elementor-size-small{font-size:15px}.elementor-widget-heading .elementor-heading-title.elementor-size-medium{font-size:19px}.elementor-widget-heading .elementor-heading-title.elementor-size-large{font-size:29px}.elementor-widget-heading .elementor-heading-title.elementor-size-xl{font-size:39px}.elementor-widget-heading .elementor-heading-title.elementor-size-xxl{font-size:59px} Sesiones y Cursos \/*! elementor &#8211; v3.10.1 &#8211; 17-01-2023 *\/ .elementor-widget-image{text-align:center}.elementor-widget-image a{display:inline-block}.elementor-widget-image a img[src$=\u00bb.svg\u00bb]{width:48px}.elementor-widget-image img{vertical-align:middle;display:inline-block} Aprende [&hellip;]<\/p>\n","protected":false},"author":1001033,"featured_media":255,"parent":0,"menu_order":2,"comment_status":"closed","ping_status":"closed","template":"elementor_header_footer","meta":{"footnotes":""},"class_list":["post-118","page","type-page","status-publish","has-post-thumbnail","hentry"],"jetpack_sharing_enabled":true,"_links":{"self":[{"href":"https:\/\/espaiholysticdanna.net\/es\/wp-json\/wp\/v2\/pages\/118","targetHints":{"allow":["GET"]}}],"collection":[{"href":"https:\/\/espaiholysticdanna.net\/es\/wp-json\/wp\/v2\/pages"}],"about":[{"href":"https:\/\/espaiholysticdanna.net\/es\/wp-json\/wp\/v2\/types\/page"}],"author":[{"embeddable":true,"href":"https:\/\/espaiholysticdanna.net\/es\/wp-json\/wp\/v2\/users\/1001033"}],"replies":[{"embeddable":true,"href":"https:\/\/espaiholysticdanna.net\/es\/wp-json\/wp\/v2\/comments?post=118"}],"version-history":[{"count":104,"href":"https:\/\/espaiholysticdanna.net\/es\/wp-json\/wp\/v2\/pages\/118\/revisions"}],"predecessor-version":[{"id":2823,"href":"https:\/\/espaiholysticdanna.net\/es\/wp-json\/wp\/v2\/pages\/118\/revisions\/2823"}],"wp:featuredmedia":[{"embeddable":true,"href":"https:\/\/espaiholysticdanna.net\/es\/wp-json\/wp\/v2\/media\/255"}],"wp:attachment":[{"href":"https:\/\/espaiholysticdanna.net\/es\/wp-json\/wp\/v2\/media?parent=118"}],"curies":[{"name":"wp","href":"https:\/\/api.w.org\/{rel}","templated":true}]}}